{"id":513,"date":"2018-08-03T14:24:14","date_gmt":"2018-08-03T14:24:14","guid":{"rendered":"https:\/\/attika.qodeinteractive.com\/?page_id=513"},"modified":"2024-05-06T21:54:43","modified_gmt":"2024-05-06T19:54:43","slug":"chef-bio","status":"publish","type":"page","link":"https:\/\/www.curtismaquet.be\/index.php\/chef-bio\/","title":{"rendered":"Chef Bio"},"content":{"rendered":"<section class=\"wpb-content-wrapper\"><p>[vc_row content_placement=&#8221;top&#8221; content_text_aligment=&#8221;center&#8221;][vc_column]<div class=\"mkdf-elements-holder   mkdf-two-columns  mkdf-responsive-mode-1024 \" ><div class=\"mkdf-eh-item  mkdf-vertical-alignment-top mkdf-horizontal-alignment-center \"  data-item-class=\"mkdf-eh-custom-7463\" data-1367-1600=\"0 0 0 13%\" data-1025-1366=\"0 0 0 15%\" data-769-1024=\"0 0 0 9%\" data-681-768=\"0 0 0 9%\" data-680=\"0 0 0 5%\">\n\t<div class=\"mkdf-eh-item-inner\">\n\t\t<div class=\"mkdf-eh-item-content mkdf-eh-custom-7463\" style=\"padding: 0 0 0 38%\">\n\t\t\t<div class=\"mkdf-section-title-holder  mkdf-st-standard mkdf-st-title-left mkdf-st-normal-space \" style=\"padding:0 0 5% 0;text-align: left\">\n\t<div class=\"mkdf-st-inner\">\n\t\t\t\t\t<h2 class=\"mkdf-st-title\" >\n\t\t\t\tVotre<br \/> Chef\t\t\t<\/h2>\n\t\t    <span class=\"mkdf-st-line\" style=\"margin: 5px 2% 0 5%; height: 400px\"><\/span>\n    <div class=\"mkdf-st-text\" style=\"margin-top: 45px;padding-right: 90px\">\n        A 4 ans, haut comme trois toques, le mini-chef Curtis Maquet abordait les clients du restaurant familial \u2013 Le Jardin d\u2019Evelyne \u2013 au coeur d\u2019Arlon.<\/p>\n<p>D\u00e9j\u00e0, il r\u00eavait d\u2019\u00eatre l\u2019une de ces grandes personnes offrant, table apr\u00e8s table, de petits bonheurs culinaires.<\/p>\n<p>Vingt ans plus tard, le r\u00eave est devenu r\u00e9alit\u00e9. A cette diff\u00e9rence pr\u00e8s que Curtis est pass\u00e9 c\u00f4t\u00e9 fourneaux. Et quels fourneaux ! Entre les deux, il y a tout un \u00e9colage. Et une remarquable force de travail. A 15 ans, il fr\u00e9quente la section h\u00f4teli\u00e8re de l\u2019Institut technique de Libramont. Apr\u00e8s les cours, \u00e0 peine rentr\u00e9 \u00e0 Arlon, il file au Peiffeschof, une table gastronomique g\u00e9r\u00e9e par Thierry Neyens, pour assurer le service en salle.<\/p>\n<p>Premi\u00e8re r\u00e9v\u00e9lation \u00e0 17 ans quand, \u00e0 l\u2019occasion d\u2019un stage \u00e0 La R\u00e9galade \u00e0 Toernich, le patron Eddy Mertens lui ouvre les yeux sur les petits bonheurs que procurent les cr\u00e9ations gastronomiques. C\u2019est \u00e0 ce moment-l\u00e0, entre Ecole h\u00f4teli\u00e8re le jour, Peiffeschof les soirs de semaine, et R\u00e9galade le week-end, qu\u2019il acquiert les bases de la cuisine et de la p\u00e2tisserie.<\/p>\n<p>Discr\u00e8tement mais s\u00fbrement le talent s\u2019affine. Au point qu\u2019en 2018 le stage final s\u2019impose : La Table de Maxime \u00e0 Our. Une table d\u00e9sormais gratifi\u00e9e de deux \u00e9toiles au Michelin. C\u2019est \u00ab la \u00bb r\u00e9v\u00e9lation, le moment o\u00f9 Curtis Maquet d\u00e9cide de faire carri\u00e8re dans la gastronomie haut de gamme. Le patron Maxime Collard ne s\u2019y trompe pas, l\u2019engage sur le champ, lui confie au fil des ann\u00e9es la gamme des responsabilit\u00e9s dans une brigade jusqu\u2019\u00e0 en faire son sous-chef, son pr\u00e9cieux bras droit. Jusqu\u2019\u00e0 lui transmettre \u00e9norm\u00e9ment. En confiance.<\/p>\n<p>Avril 2024. Curtis Maquet vole d\u00e9sormais de ses propres ailes. Il pose ses couteaux en bord de Meuse, \u00e0 Dave. Le \u00ab Beau Rivage by Curtis \u00bb est n\u00e9.    <\/div>\n\t<\/div>\n<\/div>[vc_empty_space height=&#8221;50px&#8221;]<div class=\"mkdf-single-image-holder    mkdf-image-center\" >\n    <div class=\"mkdf-si-inner\" >\n                                    <img decoding=\"async\" src=\"https:\/\/www.curtismaquet.be\/wp-content\/uploads\/2024\/05\/cropped-by_Curtis_Noir-200x150.png\" alt=\"\" width=\"200\" height=\"150\" \/>                        <\/div>\n<\/div>[vc_empty_space height=&#8221;70px&#8221;]\t\t<\/div>\n\t<\/div>\n<\/div><div class=\"mkdf-eh-item  mkdf-vertical-alignment-top  \"  data-item-class=\"mkdf-eh-custom-5921\">\n\t<div class=\"mkdf-eh-item-inner\">\n\t\t<div class=\"mkdf-eh-item-content mkdf-eh-custom-5921\" style=\"padding: 0 0 0 9%\">\n\t\t\t<div class=\"mkdf-single-image-holder    \" >\n    <div class=\"mkdf-si-inner\" >\n                                    <img fetchpriority=\"high\" decoding=\"async\" width=\"683\" height=\"1024\" src=\"https:\/\/www.curtismaquet.be\/wp-content\/uploads\/2024\/05\/438096963_122146364048129774_3345431130934548725_n-683x1024.jpg\" class=\"attachment-large size-large\" alt=\"\" srcset=\"https:\/\/www.curtismaquet.be\/wp-content\/uploads\/2024\/05\/438096963_122146364048129774_3345431130934548725_n-683x1024.jpg 683w, https:\/\/www.curtismaquet.be\/wp-content\/uploads\/2024\/05\/438096963_122146364048129774_3345431130934548725_n-600x900.jpg 600w, https:\/\/www.curtismaquet.be\/wp-content\/uploads\/2024\/05\/438096963_122146364048129774_3345431130934548725_n-200x300.jpg 200w, https:\/\/www.curtismaquet.be\/wp-content\/uploads\/2024\/05\/438096963_122146364048129774_3345431130934548725_n-768x1151.jpg 768w, https:\/\/www.curtismaquet.be\/wp-content\/uploads\/2024\/05\/438096963_122146364048129774_3345431130934548725_n-1025x1536.jpg 1025w, https:\/\/www.curtismaquet.be\/wp-content\/uploads\/2024\/05\/438096963_122146364048129774_3345431130934548725_n.jpg 1366w\" sizes=\"(max-width: 683px) 100vw, 683px\" \/>                        <\/div>\n<\/div>\t\t<\/div>\n\t<\/div>\n<\/div><\/div>[\/vc_column][\/vc_row][vc_row css=&#8221;.vc_custom_1533721367903{padding-top: 100px !important;padding-bottom: 100px !important;}&#8221;][vc_column][vc_row_inner row_content_width=&#8221;grid&#8221; enable_parallax_background_elements=&#8221;yes&#8221; parallax_background_elements_vertical_alignment=&#8221;middle&#8221; enable_parallax_effect=&#8221;no&#8221; left_parallax_background_element=&#8221;721&#8243;][vc_column_inner width=&#8221;1\/12&#8243; offset=&#8221;vc_hidden-md vc_hidden-sm vc_hidden-xs&#8221;][\/vc_column_inner][vc_column_inner offset=&#8221;vc_col-lg-4 vc_col-md-5 vc_col-xs-12&#8243;]<div class=\"mkdf-single-image-holder    \" data-parallax=\"{&quot;y&quot;: 30, &quot;smoothness&quot;: 30}\">\n    <div class=\"mkdf-si-inner\" >\n                                    <img decoding=\"async\" width=\"384\" height=\"576\" src=\"https:\/\/www.curtismaquet.be\/wp-content\/uploads\/2018\/08\/chef-bio-content-img.jpg\" class=\"attachment-full size-full\" alt=\"b\" srcset=\"https:\/\/www.curtismaquet.be\/wp-content\/uploads\/2018\/08\/chef-bio-content-img.jpg 384w, https:\/\/www.curtismaquet.be\/wp-content\/uploads\/2018\/08\/chef-bio-content-img-200x300.jpg 200w\" sizes=\"(max-width: 384px) 100vw, 384px\" \/>                        <\/div>\n<\/div>[\/vc_column_inner][vc_column_inner width=&#8221;1\/12&#8243; offset=&#8221;vc_hidden-md vc_hidden-sm vc_hidden-xs&#8221;][\/vc_column_inner][vc_column_inner css=&#8221;.vc_custom_1534512863336{padding-left: 0px !important;}&#8221; offset=&#8221;vc_col-lg-6 vc_col-md-7 vc_col-xs-12&#8243;][vc_empty_space height=&#8221;80px&#8221;]<div class=\"mkdf-section-title-holder  mkdf-st-standard mkdf-st-title-left mkdf-st-normal-space \" style=\"padding:0 0 15% 0;text-align: left\">\n\t<div class=\"mkdf-st-inner\">\n\t\t\t\t\t<h2 class=\"mkdf-st-title\" >\n\t\t\t\tLes<br \/> petits plus\t\t\t<\/h2>\n\t\t    <span class=\"mkdf-st-line\" style=\"margin: 50px 9% 0 26%; height: 120px\"><\/span>\n    <div class=\"mkdf-st-text\" style=\"margin-top: 45px;padding-right: 0\">\n        &#8211; Pour sa carte des vins, le chef peut compter sur l\u2019expertise de Fr\u00e9d\u00e9ric Cabus, meilleur sommelier de Belgique 2023<br \/>\n&#8211; Magnifier les produits locaux est dans l\u2019ADN du chef Maquet<br \/>\n&#8211; Le Beau Rivage by Curtis est le Premier Ambassadeur des verres Riedel en Wallonie<br \/>\n&#8211; Le savoir-faire du chef se d\u00e9cline aussi dans les produits de boulangerie<br \/>\n&#8211; Forfaits vin ou boissons sans alcool mitonn\u00e9es par le chef<br \/>\n&#8211; La concept cuisine \u00ab presque z\u00e9ro d\u00e9chets \u00bb fait partie int\u00e9grante du projet    <\/div>\n\t<\/div>\n<\/div>[\/vc_column_inner][\/vc_row_inner][\/vc_column][\/vc_row]<\/p>\n<\/section>","protected":false},"excerpt":{"rendered":"<p>[vc_row content_placement=&#8221;top&#8221; content_text_aligment=&#8221;center&#8221;][vc_column][\/vc_column][\/vc_row][vc_row css=&#8221;.vc_custom_1533721367903{padding-top: 100px !important;padding-bottom: 100px !important;}&#8221;][vc_column][vc_row_inner row_content_width=&#8221;grid&#8221; enable_parallax_background_elements=&#8221;yes&#8221; parallax_background_elements_vertical_alignment=&#8221;middle&#8221; enable_parallax_effect=&#8221;no&#8221; left_parallax_background_element=&#8221;721&#8243;][vc_column_inner width=&#8221;1\/12&#8243; offset=&#8221;vc_hidden-md vc_hidden-sm vc_hidden-xs&#8221;][\/vc_column_inner][vc_column_inner offset=&#8221;vc_col-lg-4 vc_col-md-5 vc_col-xs-12&#8243;][\/vc_column_inner][vc_column_inner width=&#8221;1\/12&#8243; offset=&#8221;vc_hidden-md vc_hidden-sm vc_hidden-xs&#8221;][\/vc_column_inner][vc_column_inner css=&#8221;.vc_custom_1534512863336{padding-left: 0px !important;}&#8221; offset=&#8221;vc_col-lg-6 vc_col-md-7 vc_col-xs-12&#8243;][vc_empty_space height=&#8221;80px&#8221;][\/vc_column_inner][\/vc_row_inner][\/vc_column][\/vc_row]<\/p>\n","protected":false},"author":1,"featured_media":0,"parent":0,"menu_order":0,"comment_status":"closed","ping_status":"closed","template":"full-width.php","meta":{"footnotes":""},"class_list":["post-513","page","type-page","status-publish","hentry"],"_links":{"self":[{"href":"https:\/\/www.curtismaquet.be\/index.php\/wp-json\/wp\/v2\/pages\/513","targetHints":{"allow":["GET"]}}],"collection":[{"href":"https:\/\/www.curtismaquet.be\/index.php\/wp-json\/wp\/v2\/pages"}],"about":[{"href":"https:\/\/www.curtismaquet.be\/index.php\/wp-json\/wp\/v2\/types\/page"}],"author":[{"embeddable":true,"href":"https:\/\/www.curtismaquet.be\/index.php\/wp-json\/wp\/v2\/users\/1"}],"replies":[{"embeddable":true,"href":"https:\/\/www.curtismaquet.be\/index.php\/wp-json\/wp\/v2\/comments?post=513"}],"version-history":[{"count":16,"href":"https:\/\/www.curtismaquet.be\/index.php\/wp-json\/wp\/v2\/pages\/513\/revisions"}],"predecessor-version":[{"id":3384,"href":"https:\/\/www.curtismaquet.be\/index.php\/wp-json\/wp\/v2\/pages\/513\/revisions\/3384"}],"wp:attachment":[{"href":"https:\/\/www.curtismaquet.be\/index.php\/wp-json\/wp\/v2\/media?parent=513"}],"curies":[{"name":"wp","href":"https:\/\/api.w.org\/{rel}","templated":true}]}}